{"id":177,"date":"2018-10-09T18:50:45","date_gmt":"2018-10-09T18:50:45","guid":{"rendered":"http:\/\/letra.unileon.es\/?page_id=177"},"modified":"2018-10-09T18:50:45","modified_gmt":"2018-10-09T18:50:45","slug":"el-proyecto-dalcyl","status":"publish","type":"page","link":"https:\/\/letra.unileon.es\/?page_id=177","title":{"rendered":"El proyecto DALCyL"},"content":{"rendered":"<p>[et_pb_section bb_built=\u00bb1&#8243;][et_pb_row][et_pb_column type=\u00bb4_4&#8243;][et_pb_text _builder_version=\u00bb3.16.1&#8243;]<\/p>\n<h1>El proyecto DALCyL<\/h1>\n<p>[\/et_pb_text][et_pb_text _builder_version=\u00bb3.16.1&#8243; text_orientation=\u00bbjustified\u00bb saved_tabs=\u00bball\u00bb]<\/p>\n<p>El DALCyL es un proyecto subvencionado por la Junta de Castilla y Le\u00f3n, con referencia LE113G18, a trav\u00e9s de la convocatoria de subvenciones de Apoyo de los grupos de investigaci\u00f3n reconocidos de universidades p\u00fablicas de Castilla y Le\u00f3n a iniciar en el 2018 (BOCYL 4 de junio de 2018, \u00a0ORDEN EDU\/546\/2018). En la citada convocatoria el proyecto presentado por el Grupo de investigaci\u00f3n LETRA, de la Universidad de Le\u00f3n, fue el segundo mejor valorado.<\/p>\n<p>Este proyecto surge de la necesidad de investigar, recuperar y dar visibilidad al enorme patrimonio literario de la actual Comunidad Aut\u00f3noma de Castilla y Le\u00f3n. La conservaci\u00f3n del patrimonio, sea del tipo que sea, es una preocupaci\u00f3n de las instituciones del presente, herederas y depositarias del mismo para su transmisi\u00f3n a las generaciones futuras. El patrimonio literario presenta caracter\u00edsticas especiales, pues tiene una doble vertiente, material (f\u00edsica, en cuanto a la conservaci\u00f3n de los manuscritos y ediciones de las obras literarias) e inmaterial (la lectura y el conocimiento intelectual de dichas obras). En muchos casos se trata de un patrimonio bien conocido, pero cuya relaci\u00f3n con los territorios que hoy conforman la Comunidad aut\u00f3noma no es evidente o constituye un dato al que no se le ha dado suficiente relevancia, en especial en cuanto a sus consecuencias en la recepci\u00f3n de la obra, la repercusi\u00f3n social o hist\u00f3rica, los contenidos\u00a0 de la misma, el marco en el que se encuadra, la relaci\u00f3n con otros autores y obras que conviven en el mismo marco espacio-temporal, la conservaci\u00f3n y difusi\u00f3n, o la\u00a0 identificaci\u00f3n por parte de los lectores actuales o del pasado del autor o la obra con estos territorios.<\/p>\n<div class='et-learn-more clearfix'>\n\t\t\t\t\t<h3 class='heading-more'>Continuar leyendo<span class='et_learnmore_arrow'><span><\/span><\/span><\/h3>\n\t\t\t\t\t<div class='learn-more-content'>Por otra parte, los autores literarios ligados a los territorios de la actual comunidad,\u00a0 utilizaron en unos casos el idioma espa\u00f1ol y en otros el lat\u00edn o incluso otras lenguas, especialmente durante los siglos que van de la Edad Media al siglo XVIII. Sin embargo, las literaturas latina y espa\u00f1ola no suelen recibir un tratamiento conjunto, por lo que la obra de escritores que emplearon las dos lenguas suele ser conocida solo de forma parcial, cre\u00e1ndose la impresi\u00f3n err\u00f3nea de ser esta mucho m\u00e1s reducida de lo que es realmente.<\/p>\n<p>&nbsp;<\/p>\n<p>El objetivo principal de este Diccionario en forma de una base de datos en l\u00ednea es reunir la informaci\u00f3n relativa a los autores literarios y obras an\u00f3nimas de la Comunidad de Castilla y Le\u00f3n desde la Edad Media hasta el siglo XIX. El proyecto abarca a los autores vinculados a sus territorios por nacimiento o por haber desarrollado en ellos su vida o su obra. No existe un Diccionario de este tipo y por ello el patrimonio literario de la actual Comunidad Aut\u00f3noma carece de la necesaria visibilidad y de un instrumento que sirva a los investigadores para establecer las relaciones que pudieron producirse entre dichos escritores en raz\u00f3n de su pertenencia a una tradici\u00f3n literaria com\u00fan o a los contactos con los contempor\u00e1neos que compart\u00edan su mismo entorno socio-cultural y geogr\u00e1fico.<\/p>\n<p>El concepto de Castilla y Le\u00f3n ha variado a lo largo de la historia literaria, defini\u00e9ndose en distintas \u00e9pocas de diversas maneras. No es este el lugar de entrar en esta problem\u00e1tica de la delimitaci\u00f3n territorial e hist\u00f3rica. Puesto que el objetivo del DALCyL est\u00e1 vinculado a dar visibilidad al patrimonio literario de la Comunidad Aut\u00f3noma, en este proyecto se abarcar\u00e1 el estudio de obras an\u00f3nimas y autores ligados a los territorios que actualmente la componen.<\/p>\n<p>El DALCyL no se circunscribe a los autores literarios que escribieron en espa\u00f1ol, pues comprende tambi\u00e9n a los que compusieron en otras lenguas. En esto se diferencia de los diccionarios de Literatura espa\u00f1ola o de los de Literatura latina o de Humanistas. Para ello cuenta entre los miembros del equipo investigador con especialistas de distintas \u00e9pocas de la Literatura espa\u00f1ola y tambi\u00e9n con especialistas de Lat\u00edn y Griego que puedan abarcar la Literatura human\u00edstica, adem\u00e1s de con especialistas de Franc\u00e9s que trabajen con el corpus de las traducciones al castellano de las obras francesas, tan importantes, por ejemplo, en el periodo de la Ilustraci\u00f3n (especialmente en el teatro y la ret\u00f3rica-po\u00e9tica).<\/p>\n<p>El inter\u00e9s del DALCyL radica en que posibilita ir completando gradualmente las lagunas existentes en el conocimiento actual sobre los autores y obras que pertenecen al \u00e1mbito geogr\u00e1fico de la Autonom\u00eda.<\/p>\n<p>Adem\u00e1s reunir\u00e1 informaci\u00f3n dispersa sobre los autores y obras de Castilla y Le\u00f3n, y difundir\u00e1 y har\u00e1 visible la importancia en cantidad y calidad de la literatura castellano-leonesa.<\/p>\n<p>Desde otro punto de vista, el DALCyL se justifica por la necesitad social de la realizaci\u00f3n de esa base de datos para darle visibilidad a trav\u00e9s de la red y \u00a0satisfacer la necesidad de aportar al lector interesado (todo el espectro posible, que ir\u00eda desde el simple aficionado al especialista) una informaci\u00f3n \u00fatil e instrumental para cualquier finalidad (principalmente, la investigaci\u00f3n).<\/p>\n<p>El Diccionario repercutir\u00eda de forma inmediata en la transferencia del conocimiento al mundo editorial, al docente (tanto en educaci\u00f3n secundaria y bachillerato como en la universitaria en sus diversos niveles), al de Bibliotecas y archivos, y, por supuesto, al investigador, y contribuir\u00e1 decisivamente a la recuperaci\u00f3n, ordenaci\u00f3n y clasificaci\u00f3n del patrimonio literario de Castilla y Le\u00f3n, lo que redunda indirectamente en el aumento del conocimiento sobre el patrimonio literario nacional.<\/p>\n<p>El acceso a la informaci\u00f3n a trav\u00e9s de la web ampl\u00eda el horizonte de recepci\u00f3n del trabajo a investigadores de cualquier parte del mundo y tendr\u00e1 como consecuencia inevitable el aumento de los trabajos de investigaci\u00f3n dedicados a nuestros autores. Por ello contribuye tambi\u00e9n a la conciencia de la identidad hist\u00f3rica, cultural y pol\u00edtica y la autopercepci\u00f3n y percepci\u00f3n exterior de la Comunidad de Castilla y Le\u00f3n como espacio geogr\u00e1fico y humano de cultura.<\/div>\n\t\t\t\t<\/div>\n<p>[\/et_pb_text][\/et_pb_column][\/et_pb_row][\/et_pb_section]<\/p>\n","protected":false},"excerpt":{"rendered":"<p><div class=\"et_pb_row et_pb_row_0 et_pb_row_empty\">\n\t\t\t\t\n\t\t\t\t\n\t\t\t\t\n\t\t\t\t\n\t\t\t\t\n\t\t\t<\/div> El proyecto DALCyL El DALCyL es un proyecto subvencionado por la Junta de Castilla y Le\u00f3n, con referencia LE113G18, a trav\u00e9s de la convocatoria de subvenciones de Apoyo de los grupos de investigaci\u00f3n reconocidos de universidades p\u00fablicas de Castilla y Le\u00f3n a iniciar en el 2018 (BOCYL 4 de junio de 2018, \u00a0ORDEN EDU\/546\/2018). [&hellip;]<\/p>\n","protected":false},"author":2,"featured_media":0,"parent":0,"menu_order":0,"comment_status":"closed","ping_status":"closed","template":"","meta":{"_et_pb_use_builder":"on","_et_pb_old_content":"","_et_gb_content_width":""},"acf":[],"_links":{"self":[{"href":"https:\/\/letra.unileon.es\/index.php?rest_route=\/wp\/v2\/pages\/177"}],"collection":[{"href":"https:\/\/letra.unileon.es\/index.php?rest_route=\/wp\/v2\/pages"}],"about":[{"href":"https:\/\/letra.unileon.es\/index.php?rest_route=\/wp\/v2\/types\/page"}],"author":[{"embeddable":true,"href":"https:\/\/letra.unileon.es\/index.php?rest_route=\/wp\/v2\/users\/2"}],"replies":[{"embeddable":true,"href":"https:\/\/letra.unileon.es\/index.php?rest_route=%2Fwp%2Fv2%2Fcomments&post=177"}],"version-history":[{"count":1,"href":"https:\/\/letra.unileon.es\/index.php?rest_route=\/wp\/v2\/pages\/177\/revisions"}],"predecessor-version":[{"id":180,"href":"https:\/\/letra.unileon.es\/index.php?rest_route=\/wp\/v2\/pages\/177\/revisions\/180"}],"wp:attachment":[{"href":"https:\/\/letra.unileon.es\/index.php?rest_route=%2Fwp%2Fv2%2Fmedia&parent=177"}],"curies":[{"name":"wp","href":"https:\/\/api.w.org\/{rel}","templated":true}]}}