{"id":181,"date":"2018-10-09T18:52:23","date_gmt":"2018-10-09T18:52:23","guid":{"rendered":"http:\/\/letra.unileon.es\/?page_id=181"},"modified":"2019-02-07T10:12:16","modified_gmt":"2019-02-07T10:12:16","slug":"acceso-a-la-base-de-datos-dalcyl","status":"publish","type":"page","link":"https:\/\/letra.unileon.es\/?page_id=181","title":{"rendered":"Acceso a la base de datos DALCyL"},"content":{"rendered":"<p>[et_pb_section bb_built=\u00bb1&#8243;][et_pb_row][et_pb_column type=\u00bb4_4&#8243;][et_pb_text _builder_version=\u00bb3.16.1&#8243;]<\/p>\n<h1>Acceso a la base de datos DALCyL<\/h1>\n<p>[\/et_pb_text][et_pb_text _builder_version=\u00bb3.16.1&#8243; text_orientation=\u00bbjustified\u00bb saved_tabs=\u00bball\u00bb]<\/p>\n<p>Cada uno de los art\u00edculos del diccionario corresponde a una ficha de un autor u obra an\u00f3nima.<\/p>\n<p>Los art\u00edculos est\u00e1n redactados, bien por uno de los miembros del equipo investigador, bien por un investigador reconocido de relieve, o bien por un investigador en formaci\u00f3n en colaboraci\u00f3n con uno de los miembros del equipo investigador. El equipo investigador vela por la calidad de cada uno de los art\u00edculos, evalu\u00e1ndolos previamente a autorizar su inclusi\u00f3n en la base de datos.\u00a0 Los art\u00edculos aparecen en la base de datos acompa\u00f1ados del nombre del investigador o investigadores responsables de la redacci\u00f3n del art\u00edculo correspondiente, de forma que quede garantizada la protecci\u00f3n de la propiedad intelectual.<\/p>\n<p>Los art\u00edculos est\u00e1n estructurados de acuerdo al siguiente esquema:<\/p>\n<p>T\u00edtulo e investigador autor del art\u00edculo<\/p>\n<p>Datos biogr\u00e1ficos, resaltando la conexi\u00f3n del autor u obra an\u00f3nima con Castilla y Le\u00f3n.<\/p>\n<p>Producci\u00f3n literaria<\/p>\n<p>Tradici\u00f3n textual<\/p>\n<p>Recepci\u00f3n socio-literaria<\/p>\n<p>Recepci\u00f3n cr\u00edtica<\/p>\n<p>Bibliograf\u00eda<\/p>\n<p>Enlaces web<\/p>\n<p>C\u00f3mo citar<\/p>\n<p>La localizaci\u00f3n de los art\u00edculos podr\u00e1 hacerse bien recurriendo a la lista alfab\u00e9tica de autores y obras an\u00f3nimas, bien a trav\u00e9s del motor de b\u00fasqueda de la base de datos, el cual permite una b\u00fasqueda sencilla, mediante la cual se localizan todos los art\u00edculos que presenten la palabra buscada, o una b\u00fasqueda compleja, por campos, la cual permite interrogar por m\u00e1s de una categor\u00eda de b\u00fasqueda simult\u00e1neamente. Los campos de la b\u00fasqueda compleja incluyen: denominaci\u00f3n (nombre del autor o t\u00edtulo de obra an\u00f3nima), otras denominaciones del autor o de la obra an\u00f3nima (pseud\u00f3nimos, t\u00edtulos alternativos), intervalo cronol\u00f3gico, localizaciones geogr\u00e1ficas (geograf\u00eda vital: nacimiento, muerte, lugares se\u00f1alados en la biograf\u00eda), lenguas de escritura, g\u00e9neros cultivados, movimiento literario y tem\u00e1tica.<\/p>\n<p>[\/et_pb_text][et_pb_button _builder_version=\u00bb3.16.1&#8243; button_text=\u00bbAcceso a la base de datos DALCyL\u00bb button_alignment=\u00bbcenter\u00bb button_url=\u00bbhttps:\/\/letra.unileon.es\/?page_id=279&#8243; \/][\/et_pb_column][\/et_pb_row][\/et_pb_section]<\/p>\n","protected":false},"excerpt":{"rendered":"<p><div class=\"et_pb_row et_pb_row_0 et_pb_row_empty\">\n\t\t\t\t\n\t\t\t\t\n\t\t\t\t\n\t\t\t\t\n\t\t\t\t\n\t\t\t<\/div> Acceso a la base de datos DALCyL Cada uno de los art\u00edculos del diccionario corresponde a una ficha de un autor u obra an\u00f3nima. Los art\u00edculos est\u00e1n redactados, bien por uno de los miembros del equipo investigador, bien por un investigador reconocido de relieve, o bien por un investigador en formaci\u00f3n en colaboraci\u00f3n con [&hellip;]<\/p>\n","protected":false},"author":2,"featured_media":0,"parent":0,"menu_order":0,"comment_status":"closed","ping_status":"closed","template":"","meta":{"_et_pb_use_builder":"on","_et_pb_old_content":"","_et_gb_content_width":""},"acf":[],"_links":{"self":[{"href":"https:\/\/letra.unileon.es\/index.php?rest_route=\/wp\/v2\/pages\/181"}],"collection":[{"href":"https:\/\/letra.unileon.es\/index.php?rest_route=\/wp\/v2\/pages"}],"about":[{"href":"https:\/\/letra.unileon.es\/index.php?rest_route=\/wp\/v2\/types\/page"}],"author":[{"embeddable":true,"href":"https:\/\/letra.unileon.es\/index.php?rest_route=\/wp\/v2\/users\/2"}],"replies":[{"embeddable":true,"href":"https:\/\/letra.unileon.es\/index.php?rest_route=%2Fwp%2Fv2%2Fcomments&post=181"}],"version-history":[{"count":2,"href":"https:\/\/letra.unileon.es\/index.php?rest_route=\/wp\/v2\/pages\/181\/revisions"}],"predecessor-version":[{"id":285,"href":"https:\/\/letra.unileon.es\/index.php?rest_route=\/wp\/v2\/pages\/181\/revisions\/285"}],"wp:attachment":[{"href":"https:\/\/letra.unileon.es\/index.php?rest_route=%2Fwp%2Fv2%2Fmedia&parent=181"}],"curies":[{"name":"wp","href":"https:\/\/api.w.org\/{rel}","templated":true}]}}