{"id":30,"date":"2018-08-12T01:02:42","date_gmt":"2018-08-12T01:02:42","guid":{"rendered":"http:\/\/letra.unileon.es\/?page_id=30"},"modified":"2018-08-21T09:52:46","modified_gmt":"2018-08-21T09:52:46","slug":"grupo-de-investigacion-letra","status":"publish","type":"page","link":"https:\/\/letra.unileon.es\/?page_id=30","title":{"rendered":"Grupo de investigaci\u00f3n LETRA"},"content":{"rendered":"<p>[et_pb_section bb_built=\u00bb1&#8243;][et_pb_row][et_pb_column type=\u00bb2_3&#8243;][et_pb_text _builder_version=\u00bb3.12.2&#8243;]<\/p>\n<h1>Presentaci\u00f3n del grupo de investigaci\u00f3n LETRA<\/h1>\n<p>El Grupo de investigaci\u00f3n reconocido por la Junta de Castilla y Le\u00f3n denominado LETRA, es un grupo de investigaci\u00f3n de la Universidad de Le\u00f3n dedicado al estudio de la Literatura espa\u00f1ola y de la Tradici\u00f3n cl\u00e1sica.<\/p>\n<p>Surge de la reuni\u00f3n de tres grupos de investigaci\u00f3n anteriores de la Universidad de Le\u00f3n, cuyas tres l\u00edneas de trabajo: la Literatura espa\u00f1ola, la presencia de la ret\u00f3rica cl\u00e1sica en las literaturas modernas y el estudio de la tradici\u00f3n cl\u00e1sica, en s\u00ed misma y como elemento de inspiraci\u00f3n de la tradici\u00f3n literaria y cultural posterior, se mantienen en LETRA.<\/p>\n<p>Este grupo sostiene en la actualidad un proyecto destinado a la creaci\u00f3n de una base de datos en l\u00ednea que constituya un <em>Diccionario de autores literarios de Castilla y Le\u00f3n<\/em>, contemplando tanto la literatura latina como la espa\u00f1ola. Como parte de este proyecto se propone activar la investigaci\u00f3n sobre esta tem\u00e1tica y buscar colaboradores en la redacci\u00f3n de los art\u00edculos del Diccionario.<\/p>\n<p>[\/et_pb_text][\/et_pb_column][et_pb_column type=\u00bb1_3&#8243;][et_pb_image _builder_version=\u00bb3.12.2&#8243; src=\u00bbhttps:\/\/letra.unileon.es\/wp-content\/uploads\/2018\/08\/LogoLetra.png\u00bb align=\u00bbcenter\u00bb max_width=\u00bb80%\u00bb \/][\/et_pb_column][\/et_pb_row][et_pb_row][et_pb_column type=\u00bb4_4&#8243;][\/et_pb_column][\/et_pb_row][et_pb_row][et_pb_column type=\u00bb1_2&#8243;][et_pb_image _builder_version=\u00bb3.12.2&#8243; src=\u00bbhttps:\/\/letra.unileon.es\/wp-content\/uploads\/2018\/08\/Captura8_-1.png\u00bb align=\u00bbcenter\u00bb max_width=\u00bb80%\u00bb \/][\/et_pb_column][et_pb_column type=\u00bb1_2&#8243;][et_pb_image _builder_version=\u00bb3.12.2&#8243; src=\u00bbhttps:\/\/letra.unileon.es\/wp-content\/uploads\/2018\/08\/Captura12.png\u00bb align=\u00bbcenter\u00bb max_width=\u00bb80%\u00bb \/][\/et_pb_column][\/et_pb_row][\/et_pb_section]<\/p>\n","protected":false},"excerpt":{"rendered":"<p><div class=\"et_pb_row et_pb_row_0 et_pb_row_empty\">\n\t\t\t\t\n\t\t\t\t\n\t\t\t\t\n\t\t\t\t\n\t\t\t\t\n\t\t\t<\/div> Presentaci\u00f3n del grupo de investigaci\u00f3n LETRA El Grupo de investigaci\u00f3n reconocido por la Junta de Castilla y Le\u00f3n denominado LETRA, es un grupo de investigaci\u00f3n de la Universidad de Le\u00f3n dedicado al estudio de la Literatura espa\u00f1ola y de la Tradici\u00f3n cl\u00e1sica. Surge de la reuni\u00f3n de tres grupos de investigaci\u00f3n anteriores de la [&hellip;]<\/p>\n","protected":false},"author":2,"featured_media":0,"parent":0,"menu_order":0,"comment_status":"closed","ping_status":"closed","template":"","meta":{"_et_pb_use_builder":"on","_et_pb_old_content":"","_et_gb_content_width":""},"acf":[],"_links":{"self":[{"href":"https:\/\/letra.unileon.es\/index.php?rest_route=\/wp\/v2\/pages\/30"}],"collection":[{"href":"https:\/\/letra.unileon.es\/index.php?rest_route=\/wp\/v2\/pages"}],"about":[{"href":"https:\/\/letra.unileon.es\/index.php?rest_route=\/wp\/v2\/types\/page"}],"author":[{"embeddable":true,"href":"https:\/\/letra.unileon.es\/index.php?rest_route=\/wp\/v2\/users\/2"}],"replies":[{"embeddable":true,"href":"https:\/\/letra.unileon.es\/index.php?rest_route=%2Fwp%2Fv2%2Fcomments&post=30"}],"version-history":[{"count":4,"href":"https:\/\/letra.unileon.es\/index.php?rest_route=\/wp\/v2\/pages\/30\/revisions"}],"predecessor-version":[{"id":138,"href":"https:\/\/letra.unileon.es\/index.php?rest_route=\/wp\/v2\/pages\/30\/revisions\/138"}],"wp:attachment":[{"href":"https:\/\/letra.unileon.es\/index.php?rest_route=%2Fwp%2Fv2%2Fmedia&parent=30"}],"curies":[{"name":"wp","href":"https:\/\/api.w.org\/{rel}","templated":true}]}}