{"id":32,"date":"2018-08-12T01:03:55","date_gmt":"2018-08-12T01:03:55","guid":{"rendered":"http:\/\/letra.unileon.es\/?page_id=32"},"modified":"2022-07-25T11:39:17","modified_gmt":"2022-07-25T11:39:17","slug":"diccionario-de-autores-literarios-de-castilla-y-leon","status":"publish","type":"page","link":"https:\/\/letra.unileon.es\/?page_id=32","title":{"rendered":"Diccionario en l\u00ednea de autores literarios de Castilla y Le\u00f3n (DALCyL)"},"content":{"rendered":"<p>[et_pb_section fb_built=\u00bb1&#8243; _builder_version=\u00bb3.22&#8243;][et_pb_row _builder_version=\u00bb3.25&#8243; background_size=\u00bbinitial\u00bb background_position=\u00bbtop_left\u00bb background_repeat=\u00bbrepeat\u00bb column_structure=\u00bb3_4,1_4&#8243;][et_pb_column type=\u00bb3_4&#8243; _builder_version=\u00bb3.25&#8243; custom_padding=\u00bb|||\u00bb custom_padding__hover=\u00bb|||\u00bb][et_pb_text _builder_version=\u00bb4.4.8&#8243; hover_enabled=\u00bb0&#8243;]<\/p>\n<div>\n<h1>Diccionario en l\u00ednea de autores literarios de Castilla y Le\u00f3n (DALCyL)<\/h1>\n<p>&nbsp;<\/p>\n<h3><strong>PROYECTO SUBVENCIONADO POR LA JUNTA DE CASTILLA Y LE\u00d3N, referencia <\/strong><strong>LE113G18\u00a0dirigido por la Dra. Mar\u00eda Luzdivina Cuesta Torre<\/strong><\/h3>\n<\/div>\n<p>[\/et_pb_text][\/et_pb_column][et_pb_column type=\u00bb1_4&#8243; _builder_version=\u00bb3.25&#8243; custom_padding=\u00bb|||\u00bb custom_padding__hover=\u00bb|||\u00bb][et_pb_image src=\u00bbhttps:\/\/letra.unileon.es\/wp-content\/uploads\/2018\/08\/Logotipo_de_la_Junta_de_Castilla_y_Le\u00f3n.svg_.png\u00bb align_tablet=\u00bbcenter\u00bb align_last_edited=\u00bbon|desktop\u00bb _builder_version=\u00bb3.23&#8243;][\/et_pb_image][\/et_pb_column][\/et_pb_row][et_pb_row _builder_version=\u00bb3.25&#8243; background_size=\u00bbinitial\u00bb background_position=\u00bbtop_left\u00bb background_repeat=\u00bbrepeat\u00bb][et_pb_column type=\u00bb4_4&#8243; _builder_version=\u00bb3.25&#8243; custom_padding=\u00bb|||\u00bb custom_padding__hover=\u00bb|||\u00bb][et_pb_text _builder_version=\u00bb3.27.4&#8243; text_orientation=\u00bbjustified\u00bb saved_tabs=\u00bball\u00bb]<\/p>\n<h4><a href=\"https:\/\/letra.unileon.es\/?page_id=177\">El proyecto DALCyL<\/a><\/h4>\n<p>&nbsp;<\/p>\n<h4><a href=\"https:\/\/letra.unileon.es\/?page_id=181\">Acceso a la base de datos DALCyL<\/a><\/h4>\n<p>&nbsp;<\/p>\n<h4><a href=\"https:\/\/letra.unileon.es\/?page_id=279\">Buscador de art\u00edculos del diccionario (simple) y Lista de art\u00edculos del DALCYL <\/a><\/h4>\n<p>&nbsp;<\/p>\n<h4><a href=\"https:\/\/letra.unileon.es\/?page_id=210\">Buscador de art\u00edculos del diccionario (avanzado)<\/a><\/h4>\n<p>[\/et_pb_text][\/et_pb_column][\/et_pb_row][\/et_pb_section]<\/p>\n","protected":false},"excerpt":{"rendered":"<p>Diccionario en l\u00ednea de autores literarios de Castilla y Le\u00f3n (DALCyL) &nbsp; PROYECTO SUBVENCIONADO POR LA JUNTA DE CASTILLA Y LE\u00d3N, referencia LE113G18\u00a0dirigido por la Dra. Mar\u00eda Luzdivina Cuesta Torre El proyecto DALCyL &nbsp; Acceso a la base de datos DALCyL &nbsp; Buscador de art\u00edculos del diccionario (simple) y Lista de art\u00edculos del DALCYL &nbsp; [&hellip;]<\/p>\n","protected":false},"author":2,"featured_media":0,"parent":0,"menu_order":0,"comment_status":"closed","ping_status":"closed","template":"","meta":{"_et_pb_use_builder":"on","_et_pb_old_content":"","_et_gb_content_width":""},"acf":[],"_links":{"self":[{"href":"https:\/\/letra.unileon.es\/index.php?rest_route=\/wp\/v2\/pages\/32"}],"collection":[{"href":"https:\/\/letra.unileon.es\/index.php?rest_route=\/wp\/v2\/pages"}],"about":[{"href":"https:\/\/letra.unileon.es\/index.php?rest_route=\/wp\/v2\/types\/page"}],"author":[{"embeddable":true,"href":"https:\/\/letra.unileon.es\/index.php?rest_route=\/wp\/v2\/users\/2"}],"replies":[{"embeddable":true,"href":"https:\/\/letra.unileon.es\/index.php?rest_route=%2Fwp%2Fv2%2Fcomments&post=32"}],"version-history":[{"count":13,"href":"https:\/\/letra.unileon.es\/index.php?rest_route=\/wp\/v2\/pages\/32\/revisions"}],"predecessor-version":[{"id":1164,"href":"https:\/\/letra.unileon.es\/index.php?rest_route=\/wp\/v2\/pages\/32\/revisions\/1164"}],"wp:attachment":[{"href":"https:\/\/letra.unileon.es\/index.php?rest_route=%2Fwp%2Fv2%2Fmedia&parent=32"}],"curies":[{"name":"wp","href":"https:\/\/api.w.org\/{rel}","templated":true}]}}