{"id":348,"date":"2019-07-02T09:26:38","date_gmt":"2019-07-02T09:26:38","guid":{"rendered":"http:\/\/letra.unileon.es\/?page_id=348"},"modified":"2022-07-25T10:53:28","modified_gmt":"2022-07-25T10:53:28","slug":"noticias-y-avisos-2","status":"publish","type":"page","link":"https:\/\/letra.unileon.es\/?page_id=348","title":{"rendered":"GID EALitEs ULE  2"},"content":{"rendered":"<p>[et_pb_section fb_built=\u00bb1&#8243; _builder_version=\u00bb3.22&#8243;][et_pb_row _builder_version=\u00bb3.25&#8243;][et_pb_column type=\u00bb4_4&#8243; _builder_version=\u00bb3.25&#8243; custom_padding=\u00bb|||\u00bb custom_padding__hover=\u00bb|||\u00bb][et_pb_text _builder_version=\u00bb4.4.8&#8243; hover_enabled=\u00bb0&#8243;]<\/p>\n<h1>GID EALitEs ULE<\/h1>\n<p><span>Varios miembros del grupo de investigaci\u00f3n LETRA participan en el GID EALitES ULE (Grupo de innovaci\u00f3n docente de Ense\u00f1anza y Aprendizaje de la Literatura espa\u00f1ola de la Universidad de Le\u00f3n), que desarrolla los aspectos de innovaci\u00f3n docente propios del grupo de investigaci\u00f3n. El GID se encuentra dirigido desde 2020 por Mar\u00eda Luzdivina Cuesta Torre.<\/span><\/p>\n<p>[\/et_pb_text][et_pb_blog posts_number=\u00bb3&#8243; include_categories=\u00bb1&#8243; show_content=\u00bbon\u00bb show_author=\u00bboff\u00bb show_date=\u00bboff\u00bb show_categories=\u00bboff\u00bb _builder_version=\u00bb4.4.8&#8243; hover_enabled=\u00bb0&#8243; fullwidth=\u00bboff\u00bb][\/et_pb_blog][\/et_pb_column][\/et_pb_row][\/et_pb_section]<\/p>\n","protected":false},"excerpt":{"rendered":"<p>GID EALitEs ULE Varios miembros del grupo de investigaci\u00f3n LETRA participan en el GID EALitES ULE (Grupo de innovaci\u00f3n docente de Ense\u00f1anza y Aprendizaje de la Literatura espa\u00f1ola de la Universidad de Le\u00f3n), que desarrolla los aspectos de innovaci\u00f3n docente propios del grupo de investigaci\u00f3n. El GID se encuentra dirigido desde 2020 por Mar\u00eda Luzdivina [&hellip;]<\/p>\n","protected":false},"author":2,"featured_media":0,"parent":0,"menu_order":0,"comment_status":"closed","ping_status":"closed","template":"","meta":{"_et_pb_use_builder":"on","_et_pb_old_content":"","_et_gb_content_width":""},"acf":[],"_links":{"self":[{"href":"https:\/\/letra.unileon.es\/index.php?rest_route=\/wp\/v2\/pages\/348"}],"collection":[{"href":"https:\/\/letra.unileon.es\/index.php?rest_route=\/wp\/v2\/pages"}],"about":[{"href":"https:\/\/letra.unileon.es\/index.php?rest_route=\/wp\/v2\/types\/page"}],"author":[{"embeddable":true,"href":"https:\/\/letra.unileon.es\/index.php?rest_route=\/wp\/v2\/users\/2"}],"replies":[{"embeddable":true,"href":"https:\/\/letra.unileon.es\/index.php?rest_route=%2Fwp%2Fv2%2Fcomments&post=348"}],"version-history":[{"count":8,"href":"https:\/\/letra.unileon.es\/index.php?rest_route=\/wp\/v2\/pages\/348\/revisions"}],"predecessor-version":[{"id":1158,"href":"https:\/\/letra.unileon.es\/index.php?rest_route=\/wp\/v2\/pages\/348\/revisions\/1158"}],"wp:attachment":[{"href":"https:\/\/letra.unileon.es\/index.php?rest_route=%2Fwp%2Fv2%2Fmedia&parent=348"}],"curies":[{"name":"wp","href":"https:\/\/api.w.org\/{rel}","templated":true}]}}